{"id":66,"date":"2023-11-27T09:15:34","date_gmt":"2023-11-27T09:15:34","guid":{"rendered":"https:\/\/demo.bravisthemes.com\/graviton\/?page_id=66"},"modified":"2026-04-23T09:45:24","modified_gmt":"2026-04-23T07:45:24","slug":"projects-salma","status":"publish","type":"page","link":"https:\/\/salma-solutions.com\/en\/projects-salma\/","title":{"rendered":"Projects"},"content":{"rendered":"\t\t<div data-elementor-type=\"wp-page\" data-elementor-id=\"66\" class=\"elementor elementor-66\">\n\t\t\t\t        <section class=\"elementor-section elementor-top-section elementor-element elementor-element-b52c8c5 elementor-section-stretched elementor-section-boxed elementor-section-height-default elementor-section-height-default pxl-row-scroll-none pxl-zoom-point-false pxl-section-overflow-visible pxl-section-fix-none pxl-bg-color-none pxl-section-overlay-none\" data-id=\"b52c8c5\" data-element_type=\"section\" data-settings=\"{&quot;stretch_section&quot;:&quot;section-stretched&quot;}\">\n\n                \n                <div class=\"elementor-container elementor-column-gap-extended \">\n                <div class=\"elementor-column elementor-col-100 elementor-top-column elementor-element elementor-element-c17d0b6 pxl-column-none pxl-column-overflow-hidden-no\" data-id=\"c17d0b6\" data-element_type=\"column\">\r\n        <div class=\"elementor-widget-wrap elementor-element-populated\">\r\n                     \r\n        \t\t<div class=\"elementor-element elementor-element-7589d80 pxl-post-layout-portfolio-4 elementor-widget elementor-widget-pxl_post_grid\" data-id=\"7589d80\" data-element_type=\"widget\" data-widget_type=\"pxl_post_grid.default\">\n\t\t\t\t<div class=\"elementor-widget-container\">\n\t\t\t\t\t\n<div id=\"pxl_post_grid-7589d80-1652\" class=\"pxl-grid pxl-portfolio-grid pxl-portfolio-grid-layout4 pxl-portfolio-style4\" data-start-page=\"1\" data-max-pages=\"1\" data-total=\"10\" data-perpage=\"16\" data-next-link=\"\" data-loadmore=\"{&quot;tax&quot;:[&quot;portfolio-category&quot;],&quot;post_type&quot;:&quot;portfolio&quot;,&quot;layout&quot;:&quot;portfolio-4&quot;,&quot;startPage&quot;:1,&quot;maxPages&quot;:1,&quot;total&quot;:10,&quot;filter&quot;:&quot;false&quot;,&quot;filter_type&quot;:&quot;normal&quot;,&quot;perpage&quot;:16,&quot;nextLink&quot;:&quot;&quot;,&quot;source&quot;:[&quot;salma|portfolio-category&quot;],&quot;orderby&quot;:&quot;date&quot;,&quot;order&quot;:&quot;desc&quot;,&quot;limit&quot;:16,&quot;post_ids&quot;:[],&quot;col_xl&quot;:3,&quot;col_lg&quot;:4,&quot;col_md&quot;:6,&quot;col_sm&quot;:12,&quot;col_xs&quot;:12,&quot;pagination_type&quot;:&quot;loadmore&quot;,&quot;show_category&quot;:&quot;&quot;,&quot;img_size&quot;:&quot;370x418&quot;,&quot;grid_masonry&quot;:&quot;&quot;,&quot;pxl_animate&quot;:&quot;&quot;}\">\n    \n    <div class=\"pxl-grid-inner pxl-grid-masonry row\" data-gutter=\"15\">\n        <div class=\"grid-sizer col-xl-3 col-lg-4 col-md-6 col-sm-12 col-12\"><\/div>\n                        <div class=\"pxl-grid-item col-xl-3 col-lg-4 col-md-6 col-sm-12 col-12 salma\">\n                    <div class=\"pxl-post--inner \" data-wow-duration=\"1.2s\">\n                        <a class=\"overlay-box\" href=\"https:\/\/salma-solutions.com\/en\/projects\/extension-of-line-11-of-the-madrid-metro\/\">   \n                        <\/a>\n                        <div class=\"pxl-post--featured hover-imge-effect3\"><img fetchpriority=\"high\" decoding=\"async\" class=\"no-lazyload \" src=\"https:\/\/salma-solutions.com\/en\/wp-content\/uploads\/sites\/2\/2026\/04\/noticias-salma-10-a-370x418.jpg\" width=\"370\" height=\"418\" alt=\"noticias-salma-10-a\" title=\"noticias-salma-10-a\" \/><\/div>\n                        <div class=\"pxl-post--holder\">\n                                                        <h5 class=\"pxl-post--title\">\n                                <a href=\"https:\/\/salma-solutions.com\/en\/projects\/extension-of-line-11-of-the-madrid-metro\/\">   \n                                    Extension of Line 11 of the Madrid Metro                                <\/a>\n                            <\/h5>\n                        <\/div>\n                        \n                    <\/div>\n                <\/div>\n                                    <div class=\"pxl-grid-item col-xl-3 col-lg-4 col-md-6 col-sm-12 col-12 salma\">\n                    <div class=\"pxl-post--inner \" data-wow-duration=\"1.2s\">\n                        <a class=\"overlay-box\" href=\"https:\/\/salma-solutions.com\/en\/projects\/we-continue-to-grow-internationally\/\">   \n                        <\/a>\n                        <div class=\"pxl-post--featured hover-imge-effect3\"><img decoding=\"async\" class=\"no-lazyload \" src=\"https:\/\/salma-solutions.com\/en\/wp-content\/uploads\/sites\/2\/2025\/11\/fog-cannons-salma-indonesia-370x418.jpeg\" width=\"370\" height=\"418\" alt=\"fog-cannons-salma-indonesia\" title=\"fog-cannons-salma-indonesia\" \/><\/div>\n                        <div class=\"pxl-post--holder\">\n                                                        <h5 class=\"pxl-post--title\">\n                                <a href=\"https:\/\/salma-solutions.com\/en\/projects\/we-continue-to-grow-internationally\/\">   \n                                    We continue to grow internationally                                <\/a>\n                            <\/h5>\n                        <\/div>\n                        \n                    <\/div>\n                <\/div>\n                                    <div class=\"pxl-grid-item col-xl-3 col-lg-4 col-md-6 col-sm-12 col-12 salma\">\n                    <div class=\"pxl-post--inner \" data-wow-duration=\"1.2s\">\n                        <a class=\"overlay-box\" href=\"https:\/\/salma-solutions.com\/en\/projects\/autonomous-cannons-for-dust-suppression-in-ports\/\">   \n                        <\/a>\n                        <div class=\"pxl-post--featured hover-imge-effect3\"><img decoding=\"async\" class=\"no-lazyload \" src=\"https:\/\/salma-solutions.com\/en\/wp-content\/uploads\/sites\/2\/2026\/04\/noticias-salma-08-a-scaled-370x418.jpg\" width=\"370\" height=\"418\" alt=\"noticias-salma-08-a\" title=\"noticias-salma-08-a\" \/><\/div>\n                        <div class=\"pxl-post--holder\">\n                                                        <h5 class=\"pxl-post--title\">\n                                <a href=\"https:\/\/salma-solutions.com\/en\/projects\/autonomous-cannons-for-dust-suppression-in-ports\/\">   \n                                    Autonomous cannons for dust suppression in ports                                <\/a>\n                            <\/h5>\n                        <\/div>\n                        \n                    <\/div>\n                <\/div>\n                                    <div class=\"pxl-grid-item col-xl-3 col-lg-4 col-md-6 col-sm-12 col-12 salma\">\n                    <div class=\"pxl-post--inner \" data-wow-duration=\"1.2s\">\n                        <a class=\"overlay-box\" href=\"https:\/\/salma-solutions.com\/en\/projects\/automatic-dust-suppression-system-for-hoppers\/\">   \n                        <\/a>\n                        <div class=\"pxl-post--featured hover-imge-effect3\"><img loading=\"lazy\" decoding=\"async\" class=\"no-lazyload \" src=\"https:\/\/salma-solutions.com\/en\/wp-content\/uploads\/sites\/2\/2026\/04\/noticias-salma-07-a-370x418.jpg\" width=\"370\" height=\"418\" alt=\"noticias-salma-07-a\" title=\"noticias-salma-07-a\" \/><\/div>\n                        <div class=\"pxl-post--holder\">\n                                                        <h5 class=\"pxl-post--title\">\n                                <a href=\"https:\/\/salma-solutions.com\/en\/projects\/automatic-dust-suppression-system-for-hoppers\/\">   \n                                    Automatic dust suppression system for hoppers                                <\/a>\n                            <\/h5>\n                        <\/div>\n                        \n                    <\/div>\n                <\/div>\n                                    <div class=\"pxl-grid-item col-xl-3 col-lg-4 col-md-6 col-sm-12 col-12 salma\">\n                    <div class=\"pxl-post--inner \" data-wow-duration=\"1.2s\">\n                        <a class=\"overlay-box\" href=\"https:\/\/salma-solutions.com\/en\/projects\/dust-suppression-with-water-inside-industrial-buildings\/\">   \n                        <\/a>\n                        <div class=\"pxl-post--featured hover-imge-effect3\"><img loading=\"lazy\" decoding=\"async\" class=\"no-lazyload \" src=\"https:\/\/salma-solutions.com\/en\/wp-content\/uploads\/sites\/2\/2026\/04\/noticias-salma-06-a-370x418.jpg\" width=\"370\" height=\"418\" alt=\"noticias-salma-06-a\" title=\"noticias-salma-06-a\" \/><\/div>\n                        <div class=\"pxl-post--holder\">\n                                                        <h5 class=\"pxl-post--title\">\n                                <a href=\"https:\/\/salma-solutions.com\/en\/projects\/dust-suppression-with-water-inside-industrial-buildings\/\">   \n                                    Dust suppression with water inside industrial buildings                                <\/a>\n                            <\/h5>\n                        <\/div>\n                        \n                    <\/div>\n                <\/div>\n                                    <div class=\"pxl-grid-item col-xl-3 col-lg-4 col-md-6 col-sm-12 col-12 salma\">\n                    <div class=\"pxl-post--inner \" data-wow-duration=\"1.2s\">\n                        <a class=\"overlay-box\" href=\"https:\/\/salma-solutions.com\/en\/projects\/dust-suppression-system-for-stacker-discharge\/\">   \n                        <\/a>\n                        <div class=\"pxl-post--featured hover-imge-effect3\"><img loading=\"lazy\" decoding=\"async\" class=\"no-lazyload \" src=\"https:\/\/salma-solutions.com\/en\/wp-content\/uploads\/sites\/2\/2026\/04\/noticias-salma-05-a-370x418.jpg\" width=\"370\" height=\"418\" alt=\"noticias-salma-05-a\" title=\"noticias-salma-05-a\" \/><\/div>\n                        <div class=\"pxl-post--holder\">\n                                                        <h5 class=\"pxl-post--title\">\n                                <a href=\"https:\/\/salma-solutions.com\/en\/projects\/dust-suppression-system-for-stacker-discharge\/\">   \n                                    Dust suppression system for stacker discharge                                <\/a>\n                            <\/h5>\n                        <\/div>\n                        \n                    <\/div>\n                <\/div>\n                                    <div class=\"pxl-grid-item col-xl-3 col-lg-4 col-md-6 col-sm-12 col-12 salma\">\n                    <div class=\"pxl-post--inner \" data-wow-duration=\"1.2s\">\n                        <a class=\"overlay-box\" href=\"https:\/\/salma-solutions.com\/en\/projects\/smoke-suppression-in-tunnels-using-high-pressure-water-mist\/\">   \n                        <\/a>\n                        <div class=\"pxl-post--featured hover-imge-effect3\"><img loading=\"lazy\" decoding=\"async\" class=\"no-lazyload \" src=\"https:\/\/salma-solutions.com\/en\/wp-content\/uploads\/sites\/2\/2026\/04\/noticias-salma-04-a-370x418.jpg\" width=\"370\" height=\"418\" alt=\"noticias-salma-04-a\" title=\"noticias-salma-04-a\" \/><\/div>\n                        <div class=\"pxl-post--holder\">\n                                                        <h5 class=\"pxl-post--title\">\n                                <a href=\"https:\/\/salma-solutions.com\/en\/projects\/smoke-suppression-in-tunnels-using-high-pressure-water-mist\/\">   \n                                    Smoke suppression in tunnels using high-pressure water mist                                <\/a>\n                            <\/h5>\n                        <\/div>\n                        \n                    <\/div>\n                <\/div>\n                                    <div class=\"pxl-grid-item col-xl-3 col-lg-4 col-md-6 col-sm-12 col-12 salma\">\n                    <div class=\"pxl-post--inner \" data-wow-duration=\"1.2s\">\n                        <a class=\"overlay-box\" href=\"https:\/\/salma-solutions.com\/en\/projects\/cannon-for-the-evaporation-of-percolated-liquids-leachates\/\">   \n                        <\/a>\n                        <div class=\"pxl-post--featured hover-imge-effect3\"><img loading=\"lazy\" decoding=\"async\" class=\"no-lazyload \" src=\"https:\/\/salma-solutions.com\/en\/wp-content\/uploads\/sites\/2\/2026\/04\/noticias-salma-02-a-rotated-370x418.jpg\" width=\"370\" height=\"418\" alt=\"noticias-salma-02-a\" title=\"noticias-salma-02-a\" \/><\/div>\n                        <div class=\"pxl-post--holder\">\n                                                        <h5 class=\"pxl-post--title\">\n                                <a href=\"https:\/\/salma-solutions.com\/en\/projects\/cannon-for-the-evaporation-of-percolated-liquids-leachates\/\">   \n                                    Cannon for the evaporation of percolated liquids \/ leachates                                <\/a>\n                            <\/h5>\n                        <\/div>\n                        \n                    <\/div>\n                <\/div>\n                                    <div class=\"pxl-grid-item col-xl-3 col-lg-4 col-md-6 col-sm-12 col-12 salma\">\n                    <div class=\"pxl-post--inner \" data-wow-duration=\"1.2s\">\n                        <a class=\"overlay-box\" href=\"https:\/\/salma-solutions.com\/en\/projects\/mist-cannons-for-covid-disinfection\/\">   \n                        <\/a>\n                        <div class=\"pxl-post--featured hover-imge-effect3\"><img loading=\"lazy\" decoding=\"async\" class=\"no-lazyload \" src=\"https:\/\/salma-solutions.com\/en\/wp-content\/uploads\/sites\/2\/2026\/04\/noticias-salma-03-a-370x418.jpg\" width=\"370\" height=\"418\" alt=\"noticias-salma-03-a\" title=\"noticias-salma-03-a\" \/><\/div>\n                        <div class=\"pxl-post--holder\">\n                                                        <h5 class=\"pxl-post--title\">\n                                <a href=\"https:\/\/salma-solutions.com\/en\/projects\/mist-cannons-for-covid-disinfection\/\">   \n                                    Mist cannons for COVID disinfection                                <\/a>\n                            <\/h5>\n                        <\/div>\n                        \n                    <\/div>\n                <\/div>\n                                    <div class=\"pxl-grid-item col-xl-3 col-lg-4 col-md-6 col-sm-12 col-12 salma\">\n                    <div class=\"pxl-post--inner \" data-wow-duration=\"1.2s\">\n                        <a class=\"overlay-box\" href=\"https:\/\/salma-solutions.com\/en\/projects\/installation-of-a-wheel-washing-system-in-steel-plants\/\">   \n                        <\/a>\n                        <div class=\"pxl-post--featured hover-imge-effect3\"><img loading=\"lazy\" decoding=\"async\" class=\"no-lazyload \" src=\"https:\/\/salma-solutions.com\/en\/wp-content\/uploads\/sites\/2\/2026\/04\/noticias-salma-01-a-370x418.jpg\" width=\"370\" height=\"418\" alt=\"noticias-salma-01-a\" title=\"noticias-salma-01-a\" \/><\/div>\n                        <div class=\"pxl-post--holder\">\n                                                        <h5 class=\"pxl-post--title\">\n                                <a href=\"https:\/\/salma-solutions.com\/en\/projects\/installation-of-a-wheel-washing-system-in-steel-plants\/\">   \n                                    Installation of a wheel washing system in steel plants                                <\/a>\n                            <\/h5>\n                        <\/div>\n                        \n                    <\/div>\n                <\/div>\n                        <\/div>\n        <\/div>\t\t\t\t<\/div>\n\t\t\t\t<\/div>\n\t\t            <\/div>\r\n        <\/div>\r\n        \t\t\t<\/div>\n\t\t<\/section>\n\t\t\t\t<\/div>\n\t\t","protected":false},"excerpt":{"rendered":"<p>Ampliaci\u00f3n de la L\u00ednea 11 Metro de Madrid Seguimos creciendo internacionalmente Ca\u00f1ones Aut\u00f3nomos Para Supresi\u00f3n De Polvo En Puerto De Sevilla Sistema Autom\u00e1tico De Supresi\u00f3n De Polvo En Tolvas Eliminaci\u00f3n De Polvo Con Agua En Interior De Naves De Graneles Y Minerales Sistema De Supresi\u00f3n De Polvo En Descarga De Stacker Supresi\u00f3n De Humos En [&hellip;]<\/p>\n","protected":false},"author":1,"featured_media":0,"parent":0,"menu_order":0,"comment_status":"closed","ping_status":"closed","template":"","meta":{"footnotes":""},"class_list":["post-66","page","type-page","status-publish","hentry"],"yoast_head":"<!-- This site is optimized with the Yoast SEO plugin v27.5 - https:\/\/yoast.com\/product\/yoast-seo-wordpress\/ -->\n<title>Projects - Salma Environmental Solutions - Global site<\/title>\n<meta name=\"robots\" content=\"index, follow, max-snippet:-1, max-image-preview:large, max-video-preview:-1\" \/>\n<link rel=\"canonical\" href=\"https:\/\/salma-solutions.com\/en\/projects-salma\/\" \/>\n<meta property=\"og:locale\" content=\"en_US\" \/>\n<meta property=\"og:type\" content=\"article\" \/>\n<meta property=\"og:title\" content=\"Projects - Salma Environmental Solutions - Global site\" \/>\n<meta property=\"og:description\" content=\"Ampliaci\u00f3n de la L\u00ednea 11 Metro de Madrid Seguimos creciendo internacionalmente Ca\u00f1ones Aut\u00f3nomos Para Supresi\u00f3n De Polvo En Puerto De Sevilla Sistema Autom\u00e1tico De Supresi\u00f3n De Polvo En Tolvas Eliminaci\u00f3n De Polvo Con Agua En Interior De Naves De Graneles Y Minerales Sistema De Supresi\u00f3n De Polvo En Descarga De Stacker Supresi\u00f3n De Humos En [&hellip;]\" \/>\n<meta property=\"og:url\" content=\"https:\/\/salma-solutions.com\/en\/projects-salma\/\" \/>\n<meta property=\"og:site_name\" content=\"Salma Environmental Solutions - Global site\" \/>\n<meta property=\"article:modified_time\" content=\"2026-04-23T07:45:24+00:00\" \/>\n<meta property=\"og:image\" content=\"https:\/\/salma-solutions.com\/en\/wp-content\/uploads\/sites\/2\/2026\/04\/noticias-salma-10-a-370x418.jpg\" \/>\n<meta name=\"twitter:card\" content=\"summary_large_image\" \/>\n<meta name=\"twitter:label1\" content=\"Est. reading time\" \/>\n\t<meta name=\"twitter:data1\" content=\"1 minute\" \/>\n<script type=\"application\/ld+json\" class=\"yoast-schema-graph\">{\"@context\":\"https:\\\/\\\/schema.org\",\"@graph\":[{\"@type\":\"WebPage\",\"@id\":\"https:\\\/\\\/salma-solutions.com\\\/en\\\/projects-salma\\\/\",\"url\":\"https:\\\/\\\/salma-solutions.com\\\/en\\\/projects-salma\\\/\",\"name\":\"Projects - Salma Environmental Solutions - Global site\",\"isPartOf\":{\"@id\":\"https:\\\/\\\/salma-solutions.com\\\/en\\\/#website\"},\"primaryImageOfPage\":{\"@id\":\"https:\\\/\\\/salma-solutions.com\\\/en\\\/projects-salma\\\/#primaryimage\"},\"image\":{\"@id\":\"https:\\\/\\\/salma-solutions.com\\\/en\\\/projects-salma\\\/#primaryimage\"},\"thumbnailUrl\":\"https:\\\/\\\/salma-solutions.com\\\/en\\\/wp-content\\\/uploads\\\/sites\\\/2\\\/2026\\\/04\\\/noticias-salma-10-a-370x418.jpg\",\"datePublished\":\"2023-11-27T09:15:34+00:00\",\"dateModified\":\"2026-04-23T07:45:24+00:00\",\"breadcrumb\":{\"@id\":\"https:\\\/\\\/salma-solutions.com\\\/en\\\/projects-salma\\\/#breadcrumb\"},\"inLanguage\":\"en-US\",\"potentialAction\":[{\"@type\":\"ReadAction\",\"target\":[\"https:\\\/\\\/salma-solutions.com\\\/en\\\/projects-salma\\\/\"]}]},{\"@type\":\"ImageObject\",\"inLanguage\":\"en-US\",\"@id\":\"https:\\\/\\\/salma-solutions.com\\\/en\\\/projects-salma\\\/#primaryimage\",\"url\":\"https:\\\/\\\/salma-solutions.com\\\/en\\\/wp-content\\\/uploads\\\/sites\\\/2\\\/2026\\\/04\\\/noticias-salma-10-a.jpg\",\"contentUrl\":\"https:\\\/\\\/salma-solutions.com\\\/en\\\/wp-content\\\/uploads\\\/sites\\\/2\\\/2026\\\/04\\\/noticias-salma-10-a.jpg\",\"width\":832,\"height\":464},{\"@type\":\"BreadcrumbList\",\"@id\":\"https:\\\/\\\/salma-solutions.com\\\/en\\\/projects-salma\\\/#breadcrumb\",\"itemListElement\":[{\"@type\":\"ListItem\",\"position\":1,\"name\":\"Portada\",\"item\":\"https:\\\/\\\/salma-solutions.com\\\/en\\\/\"},{\"@type\":\"ListItem\",\"position\":2,\"name\":\"Projects\"}]},{\"@type\":\"WebSite\",\"@id\":\"https:\\\/\\\/salma-solutions.com\\\/en\\\/#website\",\"url\":\"https:\\\/\\\/salma-solutions.com\\\/en\\\/\",\"name\":\"Salma Environmental Solutions\",\"description\":\"Truck wheel washers, dust and odor suppression systems, and evaporators.\",\"publisher\":{\"@id\":\"https:\\\/\\\/salma-solutions.com\\\/en\\\/#organization\"},\"potentialAction\":[{\"@type\":\"SearchAction\",\"target\":{\"@type\":\"EntryPoint\",\"urlTemplate\":\"https:\\\/\\\/salma-solutions.com\\\/en\\\/?s={search_term_string}\"},\"query-input\":{\"@type\":\"PropertyValueSpecification\",\"valueRequired\":true,\"valueName\":\"search_term_string\"}}],\"inLanguage\":\"en-US\"},{\"@type\":\"Organization\",\"@id\":\"https:\\\/\\\/salma-solutions.com\\\/en\\\/#organization\",\"name\":\"Salma Environmental Solutions\",\"url\":\"https:\\\/\\\/salma-solutions.com\\\/en\\\/\",\"logo\":{\"@type\":\"ImageObject\",\"inLanguage\":\"en-US\",\"@id\":\"https:\\\/\\\/salma-solutions.com\\\/en\\\/#\\\/schema\\\/logo\\\/image\\\/\",\"url\":\"https:\\\/\\\/salma-solutions.com\\\/en\\\/wp-content\\\/uploads\\\/sites\\\/2\\\/2025\\\/11\\\/s-salma.png\",\"contentUrl\":\"https:\\\/\\\/salma-solutions.com\\\/en\\\/wp-content\\\/uploads\\\/sites\\\/2\\\/2025\\\/11\\\/s-salma.png\",\"width\":600,\"height\":607,\"caption\":\"Salma Environmental Solutions\"},\"image\":{\"@id\":\"https:\\\/\\\/salma-solutions.com\\\/en\\\/#\\\/schema\\\/logo\\\/image\\\/\"}}]}<\/script>\n<!-- \/ Yoast SEO plugin. -->","yoast_head_json":{"title":"Projects - Salma Environmental Solutions - Global site","robots":{"index":"index","follow":"follow","max-snippet":"max-snippet:-1","max-image-preview":"max-image-preview:large","max-video-preview":"max-video-preview:-1"},"canonical":"https:\/\/salma-solutions.com\/en\/projects-salma\/","og_locale":"en_US","og_type":"article","og_title":"Projects - Salma Environmental Solutions - Global site","og_description":"Ampliaci\u00f3n de la L\u00ednea 11 Metro de Madrid Seguimos creciendo internacionalmente Ca\u00f1ones Aut\u00f3nomos Para Supresi\u00f3n De Polvo En Puerto De Sevilla Sistema Autom\u00e1tico De Supresi\u00f3n De Polvo En Tolvas Eliminaci\u00f3n De Polvo Con Agua En Interior De Naves De Graneles Y Minerales Sistema De Supresi\u00f3n De Polvo En Descarga De Stacker Supresi\u00f3n De Humos En [&hellip;]","og_url":"https:\/\/salma-solutions.com\/en\/projects-salma\/","og_site_name":"Salma Environmental Solutions - Global site","article_modified_time":"2026-04-23T07:45:24+00:00","og_image":[{"url":"https:\/\/salma-solutions.com\/en\/wp-content\/uploads\/sites\/2\/2026\/04\/noticias-salma-10-a-370x418.jpg","type":"","width":"","height":""}],"twitter_card":"summary_large_image","twitter_misc":{"Est. reading time":"1 minute"},"schema":{"@context":"https:\/\/schema.org","@graph":[{"@type":"WebPage","@id":"https:\/\/salma-solutions.com\/en\/projects-salma\/","url":"https:\/\/salma-solutions.com\/en\/projects-salma\/","name":"Projects - Salma Environmental Solutions - Global site","isPartOf":{"@id":"https:\/\/salma-solutions.com\/en\/#website"},"primaryImageOfPage":{"@id":"https:\/\/salma-solutions.com\/en\/projects-salma\/#primaryimage"},"image":{"@id":"https:\/\/salma-solutions.com\/en\/projects-salma\/#primaryimage"},"thumbnailUrl":"https:\/\/salma-solutions.com\/en\/wp-content\/uploads\/sites\/2\/2026\/04\/noticias-salma-10-a-370x418.jpg","datePublished":"2023-11-27T09:15:34+00:00","dateModified":"2026-04-23T07:45:24+00:00","breadcrumb":{"@id":"https:\/\/salma-solutions.com\/en\/projects-salma\/#breadcrumb"},"inLanguage":"en-US","potentialAction":[{"@type":"ReadAction","target":["https:\/\/salma-solutions.com\/en\/projects-salma\/"]}]},{"@type":"ImageObject","inLanguage":"en-US","@id":"https:\/\/salma-solutions.com\/en\/projects-salma\/#primaryimage","url":"https:\/\/salma-solutions.com\/en\/wp-content\/uploads\/sites\/2\/2026\/04\/noticias-salma-10-a.jpg","contentUrl":"https:\/\/salma-solutions.com\/en\/wp-content\/uploads\/sites\/2\/2026\/04\/noticias-salma-10-a.jpg","width":832,"height":464},{"@type":"BreadcrumbList","@id":"https:\/\/salma-solutions.com\/en\/projects-salma\/#breadcrumb","itemListElement":[{"@type":"ListItem","position":1,"name":"Portada","item":"https:\/\/salma-solutions.com\/en\/"},{"@type":"ListItem","position":2,"name":"Projects"}]},{"@type":"WebSite","@id":"https:\/\/salma-solutions.com\/en\/#website","url":"https:\/\/salma-solutions.com\/en\/","name":"Salma Environmental Solutions","description":"Truck wheel washers, dust and odor suppression systems, and evaporators.","publisher":{"@id":"https:\/\/salma-solutions.com\/en\/#organization"},"potentialAction":[{"@type":"SearchAction","target":{"@type":"EntryPoint","urlTemplate":"https:\/\/salma-solutions.com\/en\/?s={search_term_string}"},"query-input":{"@type":"PropertyValueSpecification","valueRequired":true,"valueName":"search_term_string"}}],"inLanguage":"en-US"},{"@type":"Organization","@id":"https:\/\/salma-solutions.com\/en\/#organization","name":"Salma Environmental Solutions","url":"https:\/\/salma-solutions.com\/en\/","logo":{"@type":"ImageObject","inLanguage":"en-US","@id":"https:\/\/salma-solutions.com\/en\/#\/schema\/logo\/image\/","url":"https:\/\/salma-solutions.com\/en\/wp-content\/uploads\/sites\/2\/2025\/11\/s-salma.png","contentUrl":"https:\/\/salma-solutions.com\/en\/wp-content\/uploads\/sites\/2\/2025\/11\/s-salma.png","width":600,"height":607,"caption":"Salma Environmental Solutions"},"image":{"@id":"https:\/\/salma-solutions.com\/en\/#\/schema\/logo\/image\/"}}]}},"_links":{"self":[{"href":"https:\/\/salma-solutions.com\/en\/wp-json\/wp\/v2\/pages\/66","targetHints":{"allow":["GET"]}}],"collection":[{"href":"https:\/\/salma-solutions.com\/en\/wp-json\/wp\/v2\/pages"}],"about":[{"href":"https:\/\/salma-solutions.com\/en\/wp-json\/wp\/v2\/types\/page"}],"author":[{"embeddable":true,"href":"https:\/\/salma-solutions.com\/en\/wp-json\/wp\/v2\/users\/1"}],"replies":[{"embeddable":true,"href":"https:\/\/salma-solutions.com\/en\/wp-json\/wp\/v2\/comments?post=66"}],"version-history":[{"count":26,"href":"https:\/\/salma-solutions.com\/en\/wp-json\/wp\/v2\/pages\/66\/revisions"}],"predecessor-version":[{"id":18266,"href":"https:\/\/salma-solutions.com\/en\/wp-json\/wp\/v2\/pages\/66\/revisions\/18266"}],"wp:attachment":[{"href":"https:\/\/salma-solutions.com\/en\/wp-json\/wp\/v2\/media?parent=66"}],"curies":[{"name":"wp","href":"https:\/\/api.w.org\/{rel}","templated":true}]}}